{"id":1016,"date":"2020-02-11T13:31:35","date_gmt":"2020-02-11T13:31:35","guid":{"rendered":"https:\/\/ukturksaglikforumu.com\/?page_id=1016"},"modified":"2023-02-01T04:53:38","modified_gmt":"2023-02-01T04:53:38","slug":"how-to-attend","status":"publish","type":"page","link":"http:\/\/www.ukturksaglikforumu.com\/index.php\/en\/how-to-attend\/","title":{"rendered":"How To Attend?"},"content":{"rendered":"\t\t<div data-elementor-type=\"wp-page\" data-elementor-id=\"1016\" class=\"elementor elementor-1016\" data-elementor-settings=\"[]\">\n\t\t\t\t\t\t<div class=\"elementor-inner\">\n\t\t\t\t\t\t\t<div class=\"elementor-section-wrap\">\n\t\t\t\t\t\t\t<section class=\"has_eae_slider elementor-section elementor-top-section elementor-element elementor-element-3b452815 elementor-section-boxed elementor-section-height-default elementor-section-height-default\" data-id=\"3b452815\" data-element_type=\"section\" data-settings=\"{&quot;background_background&quot;:&quot;classic&quot;}\">\n\t\t\t\t\t\t<div class=\"elementor-container elementor-column-gap-default\">\n\t\t\t\t\t\t\t<div class=\"elementor-row\">\n\t\t\t\t\t<div class=\"has_eae_slider aux-parallax-section elementor-column elementor-col-100 elementor-top-column elementor-element elementor-element-1dcef036\" data-id=\"1dcef036\" data-element_type=\"column\">\n\t\t\t<div class=\"elementor-column-wrap elementor-element-populated\">\n\t\t\t\t\t\t\t<div class=\"elementor-widget-wrap\">\n\t\t\t\t\t\t<section class=\"has_eae_slider elementor-section elementor-inner-section elementor-element elementor-element-65b20e59 elementor-section-boxed elementor-section-height-default elementor-section-height-default\" data-id=\"65b20e59\" data-element_type=\"section\">\n\t\t\t\t\t\t<div class=\"elementor-container elementor-column-gap-default\">\n\t\t\t\t\t\t\t<div class=\"elementor-row\">\n\t\t\t\t\t<div class=\"has_eae_slider aux-parallax-section elementor-column elementor-col-100 elementor-inner-column elementor-element elementor-element-6f57f257\" data-id=\"6f57f257\" data-element_type=\"column\">\n\t\t\t<div class=\"elementor-column-wrap elementor-element-populated\">\n\t\t\t\t\t\t\t<div class=\"elementor-widget-wrap\">\n\t\t\t\t\t\t<div class=\"elementor-element elementor-element-2829f4eb animated-slow elementor-invisible elementor-widget elementor-widget-heading\" data-id=\"2829f4eb\" data-element_type=\"widget\" data-settings=\"{&quot;_animation&quot;:&quot;fadeIn&quot;}\" data-widget_type=\"heading.default\">\n\t\t\t\t<div class=\"elementor-widget-container\">\n\t\t\t<h1 class=\"elementor-heading-title elementor-size-default\">REGISTRATION CONDITIONS<\/h1>\t\t<\/div>\n\t\t\t\t<\/div>\n\t\t\t\t\t\t<\/div>\n\t\t\t\t\t<\/div>\n\t\t<\/div>\n\t\t\t\t\t\t\t\t<\/div>\n\t\t\t\t\t<\/div>\n\t\t<\/section>\n\t\t\t\t<section class=\"has_eae_slider elementor-section elementor-inner-section elementor-element elementor-element-7da7fee1 elementor-section-boxed elementor-section-height-default elementor-section-height-default\" data-id=\"7da7fee1\" data-element_type=\"section\">\n\t\t\t\t\t\t<div class=\"elementor-container elementor-column-gap-narrow\">\n\t\t\t\t\t\t\t<div class=\"elementor-row\">\n\t\t\t\t\t<div class=\"has_eae_slider aux-parallax-section elementor-column elementor-col-50 elementor-inner-column elementor-element elementor-element-2105b102 elementor-invisible\" data-id=\"2105b102\" data-element_type=\"column\" data-settings=\"{&quot;animation&quot;:&quot;fadeInUp&quot;}\">\n\t\t\t<div class=\"elementor-column-wrap elementor-element-populated\">\n\t\t\t\t\t\t\t<div class=\"elementor-widget-wrap\">\n\t\t\t\t\t\t<div class=\"elementor-element elementor-element-2d3a259b animated-slow elementor-invisible elementor-widget elementor-widget-heading\" data-id=\"2d3a259b\" data-element_type=\"widget\" data-settings=\"{&quot;_animation&quot;:&quot;fadeInLeft&quot;}\" data-widget_type=\"heading.default\">\n\t\t\t\t<div class=\"elementor-widget-container\">\n\t\t\t<h3 class=\"elementor-heading-title elementor-size-default\">How do i join?<\/h3>\t\t<\/div>\n\t\t\t\t<\/div>\n\t\t\t\t<div class=\"elementor-element elementor-element-48105aac animated-slow elementor-invisible elementor-widget elementor-widget-text-editor\" data-id=\"48105aac\" data-element_type=\"widget\" data-settings=\"{&quot;_animation&quot;:&quot;fadeInLeft&quot;}\" data-widget_type=\"text-editor.default\">\n\t\t\t\t<div class=\"elementor-widget-container\">\n\t\t\t\t\t\t\t\t<div class=\"elementor-text-editor elementor-clearfix\">\n\t\t\t\t<p><strong>Date:<\/strong>\u00a0 7 &#8211; 8\u00a0 December 2023<\/p><p><strong> Time:<\/strong> 08:30 &#8211; 17:30 TR (BST+2)<\/p><p><strong> Where:<\/strong> <span style=\"text-decoration: underline;\">1st Day:<\/span> \u0130stanbul (Hotel TBA)<\/p><p><span style=\"text-decoration: underline;\">2nd Day:<\/span> British Consulate General \u0130stanbul<\/p>\t\t\t\t\t<\/div>\n\t\t\t\t\t\t<\/div>\n\t\t\t\t<\/div>\n\t\t\t\t\t\t<\/div>\n\t\t\t\t\t<\/div>\n\t\t<\/div>\n\t\t\t\t<div class=\"has_eae_slider aux-parallax-section elementor-column elementor-col-50 elementor-inner-column elementor-element elementor-element-d656392 elementor-invisible\" data-id=\"d656392\" data-element_type=\"column\" data-settings=\"{&quot;animation&quot;:&quot;fadeInUp&quot;}\">\n\t\t\t<div class=\"elementor-column-wrap elementor-element-populated\">\n\t\t\t\t\t\t\t<div class=\"elementor-widget-wrap\">\n\t\t\t\t\t\t<div class=\"elementor-element elementor-element-8e7a7a7 animated-slow elementor-invisible elementor-widget elementor-widget-heading\" data-id=\"8e7a7a7\" data-element_type=\"widget\" data-settings=\"{&quot;_animation&quot;:&quot;fadeInLeft&quot;}\" data-widget_type=\"heading.default\">\n\t\t\t\t<div class=\"elementor-widget-container\">\n\t\t\t<h3 class=\"elementor-heading-title elementor-size-default\">Contact<\/h3>\t\t<\/div>\n\t\t\t\t<\/div>\n\t\t\t\t<div class=\"elementor-element elementor-element-895e4fa animated-slow elementor-invisible elementor-widget elementor-widget-text-editor\" data-id=\"895e4fa\" data-element_type=\"widget\" data-settings=\"{&quot;_animation&quot;:&quot;fadeInLeft&quot;}\" data-widget_type=\"text-editor.default\">\n\t\t\t\t<div class=\"elementor-widget-container\">\n\t\t\t\t\t\t\t\t<div class=\"elementor-text-editor elementor-clearfix\">\n\t\t\t\t<p><strong>E<\/strong> yigit.gumusok@fco.gov.uk<\/p><p><strong>T<\/strong> +90 312 455 3271<\/p><p><strong>To register:<\/strong> The closing date is 15 November 2021<\/p>\t\t\t\t\t<\/div>\n\t\t\t\t\t\t<\/div>\n\t\t\t\t<\/div>\n\t\t\t\t<div class=\"elementor-element elementor-element-9857670 elementor-widget elementor-widget-aux_button\" data-id=\"9857670\" data-element_type=\"widget\" data-widget_type=\"aux_button.default\">\n\t\t\t\t<div class=\"elementor-widget-container\">\n\t\t\t<a  href=\"#\" target=\"_self\"   class=\"aux-button aux-medium aux-carmine-pink aux-none aux-uppercase\" ><span class=\"aux-overlay\"><\/span><span class=\"aux-text\">reg\u0131ster here<\/span><\/a>\t\t<\/div>\n\t\t\t\t<\/div>\n\t\t\t\t\t\t<\/div>\n\t\t\t\t\t<\/div>\n\t\t<\/div>\n\t\t\t\t\t\t\t\t<\/div>\n\t\t\t\t\t<\/div>\n\t\t<\/section>\n\t\t\t\t<div class=\"elementor-element elementor-element-3bd24ff elementor-widget elementor-widget-wts-shape-separator\" data-id=\"3bd24ff\" data-element_type=\"widget\" data-widget_type=\"wts-shape-separator.default\">\n\t\t\t\t<div class=\"elementor-widget-container\">\n\t\t\t<svg xmlns=\"http:\/\/www.w3.org\/2000\/svg\" version=\"1.1\" fill=\"\" width=\"100%\" height=\"90\" viewBox=\"0 0 50 50\" stroke=\"\" stroke-width=\"1\" preserveAspectRatio=\"none\" style=\"height: 75px;\">\n    <polygon points=\"0,0 0,50 50,50\"><\/polygon>\n<\/svg>\t\t<\/div>\n\t\t\t\t<\/div>\n\t\t\t\t<div class=\"elementor-element elementor-element-dad443d eae-icon-view-default elementor-widget elementor-widget-wts-textseparator\" data-id=\"dad443d\" data-element_type=\"widget\" data-widget_type=\"wts-textseparator.default\">\n\t\t\t\t<div class=\"elementor-widget-container\">\n\t\t\t        <div class=\"wts-eae-textseparator sep-align-center icon-yes icon-before\" >\n            <div class=\"eae-sep-holder sep-left\">\n                <div class=\"eae-sep-lines\"><\/div>\n            <\/div>\n\n                       <div class=\"eae-separator-icon-wrapper\">\n                <div class=\"eae-separator-icon-inner\">\n                                    <\/div>\n            <\/div>\n            \n            \n            \n            <div class=\"eae-sep-holder sep-right\">\n                <div class=\"eae-sep-lines\"><\/div>\n            <\/div>\n        <\/div>\n        \t\t<\/div>\n\t\t\t\t<\/div>\n\t\t\t\t\t\t<\/div>\n\t\t\t\t\t<\/div>\n\t\t<\/div>\n\t\t\t\t\t\t\t\t<\/div>\n\t\t\t\t\t<\/div>\n\t\t<\/section>\n\t\t\t\t<section class=\"has_eae_slider elementor-section elementor-top-section elementor-element elementor-element-5ef5cca0 elementor-section-boxed elementor-section-height-default elementor-section-height-default\" data-id=\"5ef5cca0\" data-element_type=\"section\" data-settings=\"{&quot;background_background&quot;:&quot;classic&quot;}\">\n\t\t\t\t\t\t<div class=\"elementor-container elementor-column-gap-default\">\n\t\t\t\t\t\t\t<div class=\"elementor-row\">\n\t\t\t\t\t<div class=\"has_eae_slider aux-parallax-section elementor-column elementor-col-100 elementor-top-column elementor-element elementor-element-5170f386\" data-id=\"5170f386\" data-element_type=\"column\">\n\t\t\t<div class=\"elementor-column-wrap elementor-element-populated\">\n\t\t\t\t\t\t\t<div class=\"elementor-widget-wrap\">\n\t\t\t\t\t\t<section class=\"has_eae_slider elementor-section elementor-inner-section elementor-element elementor-element-4220f6e elementor-section-boxed elementor-section-height-default elementor-section-height-default\" data-id=\"4220f6e\" data-element_type=\"section\">\n\t\t\t\t\t\t<div class=\"elementor-container elementor-column-gap-default\">\n\t\t\t\t\t\t\t<div class=\"elementor-row\">\n\t\t\t\t\t<div class=\"has_eae_slider aux-parallax-section elementor-column elementor-col-100 elementor-inner-column elementor-element elementor-element-c890cf8\" data-id=\"c890cf8\" data-element_type=\"column\">\n\t\t\t<div class=\"elementor-column-wrap elementor-element-populated\">\n\t\t\t\t\t\t\t<div class=\"elementor-widget-wrap\">\n\t\t\t\t\t\t<div class=\"elementor-element elementor-element-3d37629 elementor-widget elementor-widget-text-editor\" data-id=\"3d37629\" data-element_type=\"widget\" data-widget_type=\"text-editor.default\">\n\t\t\t\t<div class=\"elementor-widget-container\">\n\t\t\t\t\t\t\t\t<div class=\"elementor-text-editor elementor-clearfix\">\n\t\t\t\t<p><span style=\"text-decoration: underline;\">Panels:<\/span><\/p><ul><li>The UK \u2013 Turkey Cooperation in Pharmaceutical Sector<\/li><li>The UK \u2013 Turkey Cooperation Opportunities in Digital Health and Genomics<\/li><li>The Future of Medical Devices and Consumables<\/li><li>International Patient Treatment<\/li><\/ul>\t\t\t\t\t<\/div>\n\t\t\t\t\t\t<\/div>\n\t\t\t\t<\/div>\n\t\t\t\t<div class=\"elementor-element elementor-element-dd1505b elementor-widget elementor-widget-text-editor\" data-id=\"dd1505b\" data-element_type=\"widget\" data-widget_type=\"text-editor.default\">\n\t\t\t\t<div class=\"elementor-widget-container\">\n\t\t\t\t\t\t\t\t<div class=\"elementor-text-editor elementor-clearfix\">\n\t\t\t\t<p><strong>Event language:<\/strong> English simultaneous translation to Turkish will be available.<\/p>\t\t\t\t\t<\/div>\n\t\t\t\t\t\t<\/div>\n\t\t\t\t<\/div>\n\t\t\t\t\t\t<\/div>\n\t\t\t\t\t<\/div>\n\t\t<\/div>\n\t\t\t\t\t\t\t\t<\/div>\n\t\t\t\t\t<\/div>\n\t\t<\/section>\n\t\t\t\t<section class=\"has_eae_slider elementor-section elementor-inner-section elementor-element elementor-element-3a66d398 elementor-hidden-desktop elementor-hidden-tablet elementor-hidden-mobile elementor-section-boxed elementor-section-height-default elementor-section-height-default\" data-id=\"3a66d398\" data-element_type=\"section\">\n\t\t\t\t\t\t<div class=\"elementor-container elementor-column-gap-narrow\">\n\t\t\t\t\t\t\t<div class=\"elementor-row\">\n\t\t\t\t\t<div class=\"has_eae_slider aux-parallax-section elementor-column elementor-col-50 elementor-inner-column elementor-element elementor-element-75be1440 elementor-invisible\" data-id=\"75be1440\" data-element_type=\"column\" data-settings=\"{&quot;animation&quot;:&quot;fadeInUp&quot;}\">\n\t\t\t<div class=\"elementor-column-wrap elementor-element-populated\">\n\t\t\t\t\t\t\t<div class=\"elementor-widget-wrap\">\n\t\t\t\t\t\t<div class=\"elementor-element elementor-element-33029f41 animated-slow elementor-invisible elementor-widget elementor-widget-heading\" data-id=\"33029f41\" data-element_type=\"widget\" data-settings=\"{&quot;_animation&quot;:&quot;fadeInLeft&quot;}\" data-widget_type=\"heading.default\">\n\t\t\t\t<div class=\"elementor-widget-container\">\n\t\t\t<h3 class=\"elementor-heading-title elementor-size-default\">How to attend ?<\/h3>\t\t<\/div>\n\t\t\t\t<\/div>\n\t\t\t\t<div class=\"elementor-element elementor-element-d8315d8 elementor-widget elementor-widget-text-editor\" data-id=\"d8315d8\" data-element_type=\"widget\" data-widget_type=\"text-editor.default\">\n\t\t\t\t<div class=\"elementor-widget-container\">\n\t\t\t\t\t\t\t\t<div class=\"elementor-text-editor elementor-clearfix\">\n\t\t\t\t<p>The Minister of Health, Dr. Fahrettin Koca as well as about 60 senior officials from the Ministry of Health will attend the meeting. Moreover, about 70 NHS Authorities from the United Kingdom government, insurance companies, and private health institutions will attend. We invite all sector representatives, especially products, to participate in this great meeting.<\/p><p>Representatives of the Turkish Health Sector in order to get the right to participate in the health work form to be held for two days can participate in all meetings and activities, lunches, gala dinner, tea and coffee treats, B2B and business meetings, bags, certificates and promotions to be given to the participants, and company promotion rights in the Turkish Health Sector Catalogue to be prepared in English by registering.<\/p>\t\t\t\t\t<\/div>\n\t\t\t\t\t\t<\/div>\n\t\t\t\t<\/div>\n\t\t\t\t\t\t<\/div>\n\t\t\t\t\t<\/div>\n\t\t<\/div>\n\t\t\t\t<div class=\"has_eae_slider aux-parallax-section elementor-column elementor-col-50 elementor-inner-column elementor-element elementor-element-41ec754d\" data-id=\"41ec754d\" data-element_type=\"column\">\n\t\t\t<div class=\"elementor-column-wrap elementor-element-populated\">\n\t\t\t\t\t\t\t<div class=\"elementor-widget-wrap\">\n\t\t\t\t\t\t<div class=\"elementor-element elementor-element-2600839d elementor-invisible elementor-widget elementor-widget-price-table\" data-id=\"2600839d\" data-element_type=\"widget\" data-settings=\"{&quot;_animation&quot;:&quot;fadeInUp&quot;}\" data-widget_type=\"price-table.default\">\n\t\t\t\t<div class=\"elementor-widget-container\">\n\t\t\t\n\t\t<div class=\"elementor-price-table\">\n\t\t\t\t\t\t\t<div class=\"elementor-price-table__header\">\n\t\t\t\t\t\t\t\t\t\t\t<h3 class=\"elementor-price-table__heading\">register fee per person<\/h3>\n\t\t\t\t\t\n\t\t\t\t\t\t\t\t\t<\/div>\n\t\t\t\n\t\t\t<div class=\"elementor-price-table__price\">\n\t\t\t\t\t\t\t\t<span class=\"elementor-price-table__currency\">\u20ba<\/span>\t\t\t\t\t\t\t\t\t<span class=\"elementor-price-table__integer-part\">2200<\/span>\n\t\t\t\t\n\t\t\t\t\t\t\t\t\t<div class=\"elementor-price-table__after-price\">\n\t\t\t\t\t\t<span class=\"elementor-price-table__fractional-part\"><\/span>\n\n\t\t\t\t\t\t\t\t\t\t\t\t\t<span class=\"elementor-price-table__period elementor-typo-excluded\">+ VAT<\/span>\t\t\t\t\t\t\t\t\t\t\t<\/div>\n\t\t\t\t\n\t\t\t\t\n\t\t\t\t\t\t\t<\/div>\n\n\t\t\t\t\t\t\t<ul class=\"elementor-price-table__features-list\">\n\t\t\t\t\t\t\t\t\t\t\t<li class=\"elementor-repeater-item-9b17e87\">\n\t\t\t\t\t\t\t<div class=\"elementor-price-table__feature-inner\">\n\t\t\t\t\t\t\t\t\t\t\t\t\t\t\t\t\t\t<i class=\"\" aria-hidden=\"true\"><\/i>\n\t\t\t\t\t\t\t\t\t\t\t\t\t\t\t\t\t\t&nbsp;\t\t\t\t\t\t\t<\/div>\n\t\t\t\t\t\t<\/li>\n\t\t\t\t\t\t\t\t\t<\/ul>\n\t\t\t\n\t\t\t\t\t\t\t<div class=\"elementor-price-table__footer\">\n\t\t\t\t\t\t\t\t\t\t\t<a class=\"elementor-price-table__button elementor-button elementor-size-md\" href=\"http:\/\/www.ukturksaglikforumu.com\/index.php\/kayit-formu\/\" rel=\"nofollow\">REGISTER<\/a>\n\t\t\t\t\t\n\t\t\t\t\t\t\t\t\t<\/div>\n\t\t\t\t\t<\/div>\n\n\t\t\t\t<\/div>\n\t\t\t\t<\/div>\n\t\t\t\t\t\t<\/div>\n\t\t\t\t\t<\/div>\n\t\t<\/div>\n\t\t\t\t\t\t\t\t<\/div>\n\t\t\t\t\t<\/div>\n\t\t<\/section>\n\t\t\t\t\t\t<\/div>\n\t\t\t\t\t<\/div>\n\t\t<\/div>\n\t\t\t\t\t\t\t\t<\/div>\n\t\t\t\t\t<\/div>\n\t\t<\/section>\n\t\t\t\t\t\t<\/div>\n\t\t\t\t\t\t<\/div>\n\t\t\t\t\t<\/div>\n\t\t","protected":false},"excerpt":{"rendered":"<p>REGISTRATION CONDITIONS How do i join? Date:\u00a0 7 &#8211; 8\u00a0 December 2023 Time: 08:30 &#8211; 17:30 TR (BST+2) Where: 1st Day: \u0130stanbul (Hotel TBA) 2nd Day: British Consulate General \u0130stanbul Contact E yigit.gumusok@fco.gov.uk T +90 312 455 3271 To register: The closing date is 15 November 2021 reg\u0131ster here Panels: The UK \u2013 Turkey Cooperation [&hellip;]<\/p>\n","protected":false},"author":1,"featured_media":0,"parent":0,"menu_order":0,"comment_status":"closed","ping_status":"closed","template":"","meta":[],"_links":{"self":[{"href":"http:\/\/www.ukturksaglikforumu.com\/index.php\/wp-json\/wp\/v2\/pages\/1016"}],"collection":[{"href":"http:\/\/www.ukturksaglikforumu.com\/index.php\/wp-json\/wp\/v2\/pages"}],"about":[{"href":"http:\/\/www.ukturksaglikforumu.com\/index.php\/wp-json\/wp\/v2\/types\/page"}],"author":[{"embeddable":true,"href":"http:\/\/www.ukturksaglikforumu.com\/index.php\/wp-json\/wp\/v2\/users\/1"}],"replies":[{"embeddable":true,"href":"http:\/\/www.ukturksaglikforumu.com\/index.php\/wp-json\/wp\/v2\/comments?post=1016"}],"version-history":[{"count":35,"href":"http:\/\/www.ukturksaglikforumu.com\/index.php\/wp-json\/wp\/v2\/pages\/1016\/revisions"}],"predecessor-version":[{"id":1508,"href":"http:\/\/www.ukturksaglikforumu.com\/index.php\/wp-json\/wp\/v2\/pages\/1016\/revisions\/1508"}],"wp:attachment":[{"href":"http:\/\/www.ukturksaglikforumu.com\/index.php\/wp-json\/wp\/v2\/media?parent=1016"}],"curies":[{"name":"wp","href":"https:\/\/api.w.org\/{rel}","templated":true}]}}