{"id":1097,"date":"2021-11-25T13:59:49","date_gmt":"2021-11-25T13:59:49","guid":{"rendered":"https:\/\/ukturksaglikforumu.com\/?page_id=1097"},"modified":"2024-04-18T11:16:38","modified_gmt":"2024-04-18T11:16:38","slug":"iletisim","status":"publish","type":"page","link":"http:\/\/www.ukturksaglikforumu.com\/index.php\/iletisim\/","title":{"rendered":"\u0130leti\u015fim"},"content":{"rendered":"\t\t<div data-elementor-type=\"wp-page\" data-elementor-id=\"1097\" class=\"elementor elementor-1097\" data-elementor-settings=\"[]\">\n\t\t\t\t\t\t<div class=\"elementor-inner\">\n\t\t\t\t\t\t\t<div class=\"elementor-section-wrap\">\n\t\t\t\t\t\t\t<div class=\"has_eae_slider elementor-section elementor-top-section elementor-element elementor-element-2181a3e9 elementor-section-height-min-height elementor-section-items-top elementor-section-boxed elementor-section-height-default\" data-id=\"2181a3e9\" data-element_type=\"section\">\n\t\t\t\t\t\t<div class=\"elementor-container elementor-column-gap-default\">\n\t\t\t\t\t\t\t<div class=\"elementor-row\">\n\t\t\t\t\t<div class=\"has_eae_slider aux-parallax-section elementor-column elementor-col-33 elementor-top-column elementor-element elementor-element-8055119\" data-id=\"8055119\" data-element_type=\"column\">\n\t\t\t<div class=\"elementor-column-wrap\">\n\t\t\t\t\t\t\t<div class=\"elementor-widget-wrap\">\n\t\t\t\t\t\t\t\t<\/div>\n\t\t\t\t\t<\/div>\n\t\t<\/div>\n\t\t\t\t<div class=\"has_eae_slider aux-parallax-section elementor-column elementor-col-33 elementor-top-column elementor-element elementor-element-64b789b7\" data-id=\"64b789b7\" data-element_type=\"column\">\n\t\t\t<div class=\"elementor-column-wrap elementor-element-populated\">\n\t\t\t\t\t\t\t<div class=\"elementor-widget-wrap\">\n\t\t\t\t\t\t<div class=\"elementor-element elementor-element-2f3454d4 elementor-position-top elementor-vertical-align-top elementor-widget elementor-widget-image-box\" data-id=\"2f3454d4\" data-element_type=\"widget\" data-widget_type=\"image-box.default\">\n\t\t\t\t<div class=\"elementor-widget-container\">\n\t\t\t<div class=\"elementor-image-box-wrapper\"><figure class=\"elementor-image-box-img\"><a href=\"https:\/\/ekspoturk.com\/\" target=\"_blank\"><img src=\"http:\/\/www.ukturksaglikforumu.com\/wp-content\/uploads\/2021\/11\/Asset-5.svg\" class=\"attachment-full size-full\" alt=\"\" loading=\"lazy\" height=\"83.1\" width=\"382.42\" \/><\/a><\/figure><div class=\"elementor-image-box-content\"><h3 class=\"elementor-image-box-title\"><a href=\"https:\/\/ekspoturk.com\/\" target=\"_blank\">EKSPOT\u00dcRK FUARCILIK A.\u015e.<\/a><\/h3><\/div><\/div>\t\t<\/div>\n\t\t\t\t<\/div>\n\t\t\t\t<div class=\"elementor-element elementor-element-5e4e0e5d elementor-widget-divider--view-line elementor-widget elementor-widget-divider\" data-id=\"5e4e0e5d\" data-element_type=\"widget\" data-widget_type=\"divider.default\">\n\t\t\t\t<div class=\"elementor-widget-container\">\n\t\t\t\t\t<div class=\"elementor-divider\">\n\t\t\t<span class=\"elementor-divider-separator\">\n\t\t\t\t\t\t<\/span>\n\t\t<\/div>\n\t\t\t\t<\/div>\n\t\t\t\t<\/div>\n\t\t\t\t<div class=\"elementor-element elementor-element-3060866c elementor-widget elementor-widget-text-editor\" data-id=\"3060866c\" data-element_type=\"widget\" data-widget_type=\"text-editor.default\">\n\t\t\t\t<div class=\"elementor-widget-container\">\n\t\t\t\t\t\t\t\t<div class=\"elementor-text-editor elementor-clearfix\">\n\t\t\t\t<h4 style=\"text-align: center;\">\u0130leti\u015fim<\/h4><p class=\"metinyazilari\" style=\"text-align: center;\">\u015eule Ebrar Bilgi<br \/><a href=\"mailto:ebrar.bilgi@ekspoturk.com\"><span style=\"font-weight: 400;\">ebrar.bilgi@ekspoturk.com<\/span><\/a><br \/><span style=\"font-weight: 400;\">+90 554 891 25 45<\/span><\/p>\t\t\t\t\t<\/div>\n\t\t\t\t\t\t<\/div>\n\t\t\t\t<\/div>\n\t\t\t\t\t\t<\/div>\n\t\t\t\t\t<\/div>\n\t\t<\/div>\n\t\t\t\t<div class=\"has_eae_slider aux-parallax-section elementor-column elementor-col-33 elementor-top-column elementor-element elementor-element-4f34c65\" data-id=\"4f34c65\" data-element_type=\"column\">\n\t\t\t<div class=\"elementor-column-wrap\">\n\t\t\t\t\t\t\t<div class=\"elementor-widget-wrap\">\n\t\t\t\t\t\t\t\t<\/div>\n\t\t\t\t\t<\/div>\n\t\t<\/div>\n\t\t\t\t\t\t\t\t<\/div>\n\t\t\t\t\t<\/div>\n\t\t<\/div>\n\t\t\t\t\t\t<\/div>\n\t\t\t\t\t\t<\/div>\n\t\t\t\t\t<\/div>\n\t\t","protected":false},"excerpt":{"rendered":"<p>EKSPOT\u00dcRK FUARCILIK A.\u015e. \u0130leti\u015fim \u015eule Ebrar Bilgiebrar.bilgi@ekspoturk.com+90 554 891 25 45<\/p>\n","protected":false},"author":1,"featured_media":0,"parent":0,"menu_order":0,"comment_status":"closed","ping_status":"closed","template":"","meta":[],"_links":{"self":[{"href":"http:\/\/www.ukturksaglikforumu.com\/index.php\/wp-json\/wp\/v2\/pages\/1097"}],"collection":[{"href":"http:\/\/www.ukturksaglikforumu.com\/index.php\/wp-json\/wp\/v2\/pages"}],"about":[{"href":"http:\/\/www.ukturksaglikforumu.com\/index.php\/wp-json\/wp\/v2\/types\/page"}],"author":[{"embeddable":true,"href":"http:\/\/www.ukturksaglikforumu.com\/index.php\/wp-json\/wp\/v2\/users\/1"}],"replies":[{"embeddable":true,"href":"http:\/\/www.ukturksaglikforumu.com\/index.php\/wp-json\/wp\/v2\/comments?post=1097"}],"version-history":[{"count":37,"href":"http:\/\/www.ukturksaglikforumu.com\/index.php\/wp-json\/wp\/v2\/pages\/1097\/revisions"}],"predecessor-version":[{"id":1622,"href":"http:\/\/www.ukturksaglikforumu.com\/index.php\/wp-json\/wp\/v2\/pages\/1097\/revisions\/1622"}],"wp:attachment":[{"href":"http:\/\/www.ukturksaglikforumu.com\/index.php\/wp-json\/wp\/v2\/media?parent=1097"}],"curies":[{"name":"wp","href":"https:\/\/api.w.org\/{rel}","templated":true}]}}