{"id":549,"date":"2020-02-11T15:28:25","date_gmt":"2020-02-11T15:28:25","guid":{"rendered":"http:\/\/ukturksaglikforumu.com\/?page_id=549"},"modified":"2024-06-07T13:46:22","modified_gmt":"2024-06-07T13:46:22","slug":"medya","status":"publish","type":"page","link":"http:\/\/www.ukturksaglikforumu.com\/index.php\/medya\/","title":{"rendered":"Medya"},"content":{"rendered":"\t\t<div data-elementor-type=\"wp-page\" data-elementor-id=\"549\" class=\"elementor elementor-549\" data-elementor-settings=\"[]\">\n\t\t\t\t\t\t<div class=\"elementor-inner\">\n\t\t\t\t\t\t\t<div class=\"elementor-section-wrap\">\n\t\t\t\t\t\t\t<section class=\"has_eae_slider elementor-section elementor-top-section elementor-element elementor-element-d3d5e64 elementor-section-boxed elementor-section-height-default elementor-section-height-default\" data-id=\"d3d5e64\" data-element_type=\"section\">\n\t\t\t\t\t\t<div class=\"elementor-container elementor-column-gap-default\">\n\t\t\t\t\t\t\t<div class=\"elementor-row\">\n\t\t\t\t\t<div class=\"has_eae_slider aux-parallax-section elementor-column elementor-col-25 elementor-top-column elementor-element elementor-element-f103245\" data-id=\"f103245\" data-element_type=\"column\">\n\t\t\t<div class=\"elementor-column-wrap elementor-element-populated\">\n\t\t\t\t\t\t\t<div class=\"elementor-widget-wrap\">\n\t\t\t\t\t\t<div class=\"elementor-element elementor-element-755c00e elementor-invisible elementor-widget elementor-widget-heading\" data-id=\"755c00e\" data-element_type=\"widget\" data-settings=\"{&quot;_animation&quot;:&quot;fadeInUp&quot;}\" data-widget_type=\"heading.default\">\n\t\t\t\t<div class=\"elementor-widget-container\">\n\t\t\t<h2 class=\"elementor-heading-title elementor-size-default\"><a href=\"https:\/\/www.ukturksaglikforumu.com\/wp-content\/uploads\/2024\/06\/ukturk-weblogo.png\" target=\"_blank\">LOGO<br>\u0130ND\u0130R<\/a><\/h2>\t\t<\/div>\n\t\t\t\t<\/div>\n\t\t\t\t\t\t<\/div>\n\t\t\t\t\t<\/div>\n\t\t<\/div>\n\t\t\t\t<div class=\"has_eae_slider aux-parallax-section elementor-column elementor-col-25 elementor-top-column elementor-element elementor-element-92867c9\" data-id=\"92867c9\" data-element_type=\"column\">\n\t\t\t<div class=\"elementor-column-wrap elementor-element-populated\">\n\t\t\t\t\t\t\t<div class=\"elementor-widget-wrap\">\n\t\t\t\t\t\t<div class=\"elementor-element elementor-element-da68e53 elementor-invisible elementor-widget elementor-widget-heading\" data-id=\"da68e53\" data-element_type=\"widget\" data-settings=\"{&quot;_animation&quot;:&quot;fadeInUp&quot;}\" data-widget_type=\"heading.default\">\n\t\t\t\t<div class=\"elementor-widget-container\">\n\t\t\t<h2 class=\"elementor-heading-title elementor-size-default\">KISA TANITIM<br>BRO\u015e\u00dcR\u00dc<\/h2>\t\t<\/div>\n\t\t\t\t<\/div>\n\t\t\t\t\t\t<\/div>\n\t\t\t\t\t<\/div>\n\t\t<\/div>\n\t\t\t\t<div class=\"has_eae_slider aux-parallax-section elementor-column elementor-col-25 elementor-top-column elementor-element elementor-element-2ebe7e0\" data-id=\"2ebe7e0\" data-element_type=\"column\">\n\t\t\t<div class=\"elementor-column-wrap elementor-element-populated\">\n\t\t\t\t\t\t\t<div class=\"elementor-widget-wrap\">\n\t\t\t\t\t\t<div class=\"elementor-element elementor-element-7a33656 elementor-invisible elementor-widget elementor-widget-heading\" data-id=\"7a33656\" data-element_type=\"widget\" data-settings=\"{&quot;_animation&quot;:&quot;fadeInUp&quot;}\" data-widget_type=\"heading.default\">\n\t\t\t\t<div class=\"elementor-widget-container\">\n\t\t\t<h2 class=\"elementor-heading-title elementor-size-default\"><a href=\"http:\/\/www.ukturksaglikforumu.com\/wp-content\/uploads\/2024\/05\/TURKEY-UK-RAPOR-2021-1.pdf\" target=\"_blank\">SONU\u00c7<br> RAPORU<\/a><\/h2>\t\t<\/div>\n\t\t\t\t<\/div>\n\t\t\t\t\t\t<\/div>\n\t\t\t\t\t<\/div>\n\t\t<\/div>\n\t\t\t\t<div class=\"has_eae_slider aux-parallax-section elementor-column elementor-col-25 elementor-top-column elementor-element elementor-element-b168c65\" data-id=\"b168c65\" data-element_type=\"column\">\n\t\t\t<div class=\"elementor-column-wrap elementor-element-populated\">\n\t\t\t\t\t\t\t<div class=\"elementor-widget-wrap\">\n\t\t\t\t\t\t<div class=\"elementor-element elementor-element-bc8c817 elementor-invisible elementor-widget elementor-widget-heading\" data-id=\"bc8c817\" data-element_type=\"widget\" data-settings=\"{&quot;_animation&quot;:&quot;fadeInUp&quot;}\" data-widget_type=\"heading.default\">\n\t\t\t\t<div class=\"elementor-widget-container\">\n\t\t\t<h2 class=\"elementor-heading-title elementor-size-default\"><a href=\"https:\/\/drive.google.com\/drive\/folders\/1b_Eg88rbkoOSVYwNJL_gGACi5s5OKkBX?usp=sharing\" target=\"_blank\">GALER\u0130<\/a><\/h2>\t\t<\/div>\n\t\t\t\t<\/div>\n\t\t\t\t\t\t<\/div>\n\t\t\t\t\t<\/div>\n\t\t<\/div>\n\t\t\t\t\t\t\t\t<\/div>\n\t\t\t\t\t<\/div>\n\t\t<\/section>\n\t\t\t\t\t\t<\/div>\n\t\t\t\t\t\t<\/div>\n\t\t\t\t\t<\/div>\n\t\t","protected":false},"excerpt":{"rendered":"<p>LOGO\u0130ND\u0130R KISA TANITIMBRO\u015e\u00dcR\u00dc SONU\u00c7 RAPORU GALER\u0130<\/p>\n","protected":false},"author":1,"featured_media":0,"parent":0,"menu_order":0,"comment_status":"closed","ping_status":"closed","template":"","meta":[],"_links":{"self":[{"href":"http:\/\/www.ukturksaglikforumu.com\/index.php\/wp-json\/wp\/v2\/pages\/549"}],"collection":[{"href":"http:\/\/www.ukturksaglikforumu.com\/index.php\/wp-json\/wp\/v2\/pages"}],"about":[{"href":"http:\/\/www.ukturksaglikforumu.com\/index.php\/wp-json\/wp\/v2\/types\/page"}],"author":[{"embeddable":true,"href":"http:\/\/www.ukturksaglikforumu.com\/index.php\/wp-json\/wp\/v2\/users\/1"}],"replies":[{"embeddable":true,"href":"http:\/\/www.ukturksaglikforumu.com\/index.php\/wp-json\/wp\/v2\/comments?post=549"}],"version-history":[{"count":44,"href":"http:\/\/www.ukturksaglikforumu.com\/index.php\/wp-json\/wp\/v2\/pages\/549\/revisions"}],"predecessor-version":[{"id":1730,"href":"http:\/\/www.ukturksaglikforumu.com\/index.php\/wp-json\/wp\/v2\/pages\/549\/revisions\/1730"}],"wp:attachment":[{"href":"http:\/\/www.ukturksaglikforumu.com\/index.php\/wp-json\/wp\/v2\/media?parent=549"}],"curies":[{"name":"wp","href":"https:\/\/api.w.org\/{rel}","templated":true}]}}