{"id":1656,"date":"2024-05-10T17:49:27","date_gmt":"2024-05-10T17:49:27","guid":{"rendered":"https:\/\/www.ukturksaglikforumu.com\/?page_id=1656"},"modified":"2024-05-10T17:52:54","modified_gmt":"2024-05-10T17:52:54","slug":"uk-turkiye-health-dialogue-forum-calisma-toplantisi-sonuc-degerlendirme-formu","status":"publish","type":"page","link":"https:\/\/www.ukturksaglikforumu.com\/index.php\/uk-turkiye-health-dialogue-forum-calisma-toplantisi-sonuc-degerlendirme-formu\/","title":{"rendered":"UK &#8211; T\u00fcrkiye Health Dialogue Forum \u00c7al\u0131\u015fma Toplant\u0131s\u0131 Sonu\u00e7 De\u011ferlendirme Formu"},"content":{"rendered":"<p><iframe aria-label='UK \u2013 T\u00fcrkiye Health Dialogue Forum \u00c7al\u0131\u015fma Toplant\u0131s\u0131 Sonu\u00e7 De\u011ferlendirme Formu' frameborder=\"0\" style=\"height:440vh;width:99%;border:none;\" src='https:\/\/forms.zohopublic.com\/ekspoturk\/form\/UKTrkiyeHealthDialogueForumalmaToplantsOylamaFormu\/formperma\/nVCnj3dQ86hIu6XChinweMDNl7CrsbQjOC8mjBPj1Iw'><\/iframe><\/p>\n","protected":false},"excerpt":{"rendered":"","protected":false},"author":1,"featured_media":0,"parent":0,"menu_order":0,"comment_status":"closed","ping_status":"closed","template":"","meta":[],"_links":{"self":[{"href":"https:\/\/www.ukturksaglikforumu.com\/index.php\/wp-json\/wp\/v2\/pages\/1656"}],"collection":[{"href":"https:\/\/www.ukturksaglikforumu.com\/index.php\/wp-json\/wp\/v2\/pages"}],"about":[{"href":"https:\/\/www.ukturksaglikforumu.com\/index.php\/wp-json\/wp\/v2\/types\/page"}],"author":[{"embeddable":true,"href":"https:\/\/www.ukturksaglikforumu.com\/index.php\/wp-json\/wp\/v2\/users\/1"}],"replies":[{"embeddable":true,"href":"https:\/\/www.ukturksaglikforumu.com\/index.php\/wp-json\/wp\/v2\/comments?post=1656"}],"version-history":[{"count":3,"href":"https:\/\/www.ukturksaglikforumu.com\/index.php\/wp-json\/wp\/v2\/pages\/1656\/revisions"}],"predecessor-version":[{"id":1661,"href":"https:\/\/www.ukturksaglikforumu.com\/index.php\/wp-json\/wp\/v2\/pages\/1656\/revisions\/1661"}],"wp:attachment":[{"href":"https:\/\/www.ukturksaglikforumu.com\/index.php\/wp-json\/wp\/v2\/media?parent=1656"}],"curies":[{"name":"wp","href":"https:\/\/api.w.org\/{rel}","templated":true}]}}