{"id":1662,"date":"2024-05-13T08:33:40","date_gmt":"2024-05-13T08:33:40","guid":{"rendered":"https:\/\/www.ukturksaglikforumu.com\/?page_id=1662"},"modified":"2024-05-13T08:38:44","modified_gmt":"2024-05-13T08:38:44","slug":"uk-turk-saglik-diyalog-forumu-on-calistay-sunumu","status":"publish","type":"page","link":"https:\/\/www.ukturksaglikforumu.com\/index.php\/uk-turk-saglik-diyalog-forumu-on-calistay-sunumu\/","title":{"rendered":"UK &#8211; Turk Sa\u011fl\u0131k Diyalog Forumu \u00d6n \u00c7al\u0131\u015ftay Sunumu"},"content":{"rendered":"<p><iframe loading=\"lazy\" width=\"100%\" height=\"650\" src=\"https:\/\/miro.com\/app\/embed\/uXjVKOU_G5g=\/?pres=1&#038;frameId=3458764587339363947&#038;embedId=576903754732\" frameborder=\"0\" scrolling=\"no\" allow=\"fullscreen; clipboard-read; clipboard-write\" allowfullscreen><\/iframe><\/p>\n","protected":false},"excerpt":{"rendered":"","protected":false},"author":1,"featured_media":0,"parent":0,"menu_order":0,"comment_status":"closed","ping_status":"closed","template":"","meta":[],"_links":{"self":[{"href":"https:\/\/www.ukturksaglikforumu.com\/index.php\/wp-json\/wp\/v2\/pages\/1662"}],"collection":[{"href":"https:\/\/www.ukturksaglikforumu.com\/index.php\/wp-json\/wp\/v2\/pages"}],"about":[{"href":"https:\/\/www.ukturksaglikforumu.com\/index.php\/wp-json\/wp\/v2\/types\/page"}],"author":[{"embeddable":true,"href":"https:\/\/www.ukturksaglikforumu.com\/index.php\/wp-json\/wp\/v2\/users\/1"}],"replies":[{"embeddable":true,"href":"https:\/\/www.ukturksaglikforumu.com\/index.php\/wp-json\/wp\/v2\/comments?post=1662"}],"version-history":[{"count":3,"href":"https:\/\/www.ukturksaglikforumu.com\/index.php\/wp-json\/wp\/v2\/pages\/1662\/revisions"}],"predecessor-version":[{"id":1665,"href":"https:\/\/www.ukturksaglikforumu.com\/index.php\/wp-json\/wp\/v2\/pages\/1662\/revisions\/1665"}],"wp:attachment":[{"href":"https:\/\/www.ukturksaglikforumu.com\/index.php\/wp-json\/wp\/v2\/media?parent=1662"}],"curies":[{"name":"wp","href":"https:\/\/api.w.org\/{rel}","templated":true}]}}