{"id":1701,"date":"2024-05-20T13:28:59","date_gmt":"2024-05-20T13:28:59","guid":{"rendered":"https:\/\/www.ukturksaglikforumu.com\/?page_id=1701"},"modified":"2024-05-20T13:32:19","modified_gmt":"2024-05-20T13:32:19","slug":"katalog-bilgi-formu","status":"publish","type":"page","link":"https:\/\/www.ukturksaglikforumu.com\/index.php\/katalog-bilgi-formu\/","title":{"rendered":"Katalog Bilgi Formu"},"content":{"rendered":"<p><iframe aria-label='2024 \u0130NG\u0130LTERE - T\u00dcRK\u0130YE SA\u011eLIK D\u0130YALOG \u0130\u015e FORUMU F\u0130RMA KATALOG B\u0130LG\u0130 FORMU' frameborder=\"0\" style=\"height:210vh;width:99%;border:none;\" src='https:\/\/forms.zohopublic.com\/ekspoturk\/form\/2024NGLTERETRKYESALIKDYALOGFORUMUFRMAKATALOGBLGFOR\/formperma\/iVkT8zuLlACiV7sHX2W7FKl3vo-bKarN1sLRBSEClcE'><\/iframe><\/p>\n","protected":false},"excerpt":{"rendered":"","protected":false},"author":1,"featured_media":0,"parent":0,"menu_order":0,"comment_status":"closed","ping_status":"closed","template":"","meta":[],"_links":{"self":[{"href":"https:\/\/www.ukturksaglikforumu.com\/index.php\/wp-json\/wp\/v2\/pages\/1701"}],"collection":[{"href":"https:\/\/www.ukturksaglikforumu.com\/index.php\/wp-json\/wp\/v2\/pages"}],"about":[{"href":"https:\/\/www.ukturksaglikforumu.com\/index.php\/wp-json\/wp\/v2\/types\/page"}],"author":[{"embeddable":true,"href":"https:\/\/www.ukturksaglikforumu.com\/index.php\/wp-json\/wp\/v2\/users\/1"}],"replies":[{"embeddable":true,"href":"https:\/\/www.ukturksaglikforumu.com\/index.php\/wp-json\/wp\/v2\/comments?post=1701"}],"version-history":[{"count":3,"href":"https:\/\/www.ukturksaglikforumu.com\/index.php\/wp-json\/wp\/v2\/pages\/1701\/revisions"}],"predecessor-version":[{"id":1708,"href":"https:\/\/www.ukturksaglikforumu.com\/index.php\/wp-json\/wp\/v2\/pages\/1701\/revisions\/1708"}],"wp:attachment":[{"href":"https:\/\/www.ukturksaglikforumu.com\/index.php\/wp-json\/wp\/v2\/media?parent=1701"}],"curies":[{"name":"wp","href":"https:\/\/api.w.org\/{rel}","templated":true}]}}